{"id":1216,"date":"2018-10-09T09:17:30","date_gmt":"2018-10-09T07:17:30","guid":{"rendered":"https:\/\/rolko.com.pl\/?page_id=1216"},"modified":"2018-10-09T09:20:57","modified_gmt":"2018-10-09T07:20:57","slug":"polityka-prywatnosci","status":"publish","type":"page","link":"https:\/\/rolko.com.pl\/index.php\/polityka-prywatnosci\/","title":{"rendered":"Polityka prywatno\u015bci"},"content":{"rendered":"<div id=\"pl-1216\"  class=\"panel-layout\" ><div id=\"pg-1216-0\"  class=\"panel-grid panel-no-style\" ><div id=\"pgc-1216-0-0\"  class=\"panel-grid-cell\" ><div id=\"panel-1216-0-0-0\" class=\"so-panel widget widget_sow-editor panel-first-child panel-last-child\" data-index=\"0\" ><div\n\t\t\t\n\t\t\tclass=\"so-widget-sow-editor so-widget-sow-editor-base\"\n\t\t\t\n\t\t><h3 class=\"widget-title\">Polityka prywatno\u015bci<\/h3>\n<div class=\"siteorigin-widget-tinymce textwidget\">\n\t<p>Polityka prywatno\u015bci serwisu www <em><strong>rolko.com.pl<\/strong><\/em><\/p>\n<p>1.Informacje og\u00f3lne<\/p>\n<p>Niniejsza Polityka Prywatno\u015bci okre\u015bla zasady przetwarzania i ochrony danych osobowych przekazanych przez U\u017cytkownik\u00f3w w zwi\u0105zku z korzystaniem przez nich us\u0142ug .<\/p>\n<p>2. Administratorem danych osobowych zawartych w serwisie jest<\/p>\n<p>ROL.KO.<br \/>\nAnna \u0141upi\u0144ska<br \/>\n87-330 Jab\u0142onowo Pom., Konojady 35<\/p>\n<p>3. W trosce o bezpiecze\u0144stwo powierzonych nam danych opracowali\u015bmy wewn\u0119trzne procedury i zalecenia, kt\u00f3re maj\u0105 zapobiec udost\u0119pnieniu danych osobom nieupowa\u017cnionym. Kontrolujemy ich wykonywanie i stale sprawdzamy ich zgodno\u015b\u0107 z odpowiednimi aktami prawnymi \u2013 ustaw\u0105 o ochronie danych osobowych, ustaw\u0105 o \u015bwiadczeniu us\u0142ug drog\u0105 elektroniczn\u0105, a tak\u017ce wszelkiego rodzaju aktach wykonawczych i aktach prawa wsp\u00f3lnotowego.<\/p>\n<p>4. Dane Osobowe przetwarzane s\u0105 na podstawie zgody wyra\u017canej przez U\u017cytkownika oraz w przypadkach, w kt\u00f3rych przepisy prawa upowa\u017cniaj\u0105 Administratora do przetwarzania danych osobowych na podstawie przepis\u00f3w prawa lub w celu realizacji zawartej pomi\u0119dzy stronami umowy.<\/p>\n<p>5. Serwis realizuje funkcje pozyskiwania informacji o u\u017cytkownikach i ich zachowaniach w nast\u0119puj\u0105cy spos\u00f3b:<br \/>\na) poprzez dobrowolnie wprowadzone w formularzach informacje<br \/>\nb) poprzez gromadzenie plik\u00f3w \u201ccookies\u201d [<a href=\"https:\/\/rolko.com.pl\/index.php\/polityka-plikow-cookies\/\">patrz polityka plik\u00f3w \u201ccookies\u201d<\/a>].<\/p>\n<p>6. Serwis zbiera informacje dobrowolnie podane przez u\u017cytkownika.<\/p>\n<p>7. Dane podane w formularzu s\u0105 przetwarzane w celu wynikaj\u0105cym z funkcji konkretnego formularza np. w celu dokonania procesu obs\u0142ugi kontaktu informacyjnego<\/p>\n<p>8. Dane osobowe pozostawione w serwisie nie zostan\u0105 sprzedane ani udost\u0119pnione osobom trzecim, zgodnie z przepisami Ustawy o ochronie danych osobowych.<\/p>\n<p>9. Do danych zawartych w formularzu przys\u0142uguje wgl\u0105d osobie fizycznej, kt\u00f3ra je tam umie\u015bci\u0142a. Osoba ta ma r\u00f3wnie\u017c praw do modyfikacji i zaprzestania przetwarzania swoich danych w dowolnym momencie.<\/p>\n<p>10. Zastrzegamy sobie prawo do zmiany w polityce ochrony prywatno\u015bci serwisu, na kt\u00f3re mo\u017ce wp\u0142yn\u0105\u0107 rozw\u00f3j technologii internetowej, ewentualne zmiany prawa w zakresie ochrony danych osobowych oraz rozw\u00f3j naszego serwisu internetowego. O wszelkich zmianach b\u0119dziemy informowa\u0107 w spos\u00f3b widoczny i zrozumia\u0142y.<\/p>\n<p>11. W Serwisie mog\u0105 pojawia\u0107 si\u0119 linki do innych stron internetowych. Takie strony internetowe dzia\u0142aj\u0105 niezale\u017cnie od Serwisu i nie s\u0105 w \u017caden spos\u00f3b nadzorowane przez serwis rolko.com.pl Strony te mog\u0105 posiada\u0107 w\u0142asne polityki dotycz\u0105ce prywatno\u015bci oraz regulaminy, z kt\u00f3rymi zalecamy si\u0119 zapozna\u0107.<\/p>\n<p>12. Wykorzystujemy us\u0142ug\u0119 Google Analytics, kt\u00f3ra legitymuje si\u0119 w\u0142asn\u0105 polityk\u0105 prywatno\u015bci:<br \/>\n<a href=\"https:\/\/marketingplatform.google.com\/about\/\">Polityka ochrony prywatno\u015bci Google Analytics<\/a><\/p>\n<p>W razie w\u0105tpliwo\u015bci co kt\u00f3regokolwiek z zapis\u00f3w niniejszej polityki prywatno\u015bci jeste\u015bmy do dyspozycji \u2013 nasze dane znale\u017a\u0107 mo\u017cna w zak\u0142adce \u2013 <a href=\"https:\/\/rolko.com.pl\/index.php\/kontakt\/\">KONTAKT.<\/a><\/p>\n<\/div>\n<\/div><\/div><\/div><\/div><\/div>","protected":false},"excerpt":{"rendered":"<p>Polityka prywatno\u015bci serwisu www rolko.com.pl 1.Informacje og\u00f3lne Niniejsza Polityka Prywatno\u015bci okre\u015bla zasady przetwarzania i ochrony danych osobowych przekazanych przez U\u017cytkownik\u00f3w w zwi\u0105zku z korzystaniem przez nich us\u0142ug . 2. Administratorem danych osobowych zawartych w serwisie jest ROL.KO. Anna \u0141upi\u0144ska 87-330 Jab\u0142onowo Pom., Konojady 35 3. W trosce o bezpiecze\u0144stwo powierzonych nam danych opracowali\u015bmy wewn\u0119trzne procedury [&hellip;]<\/p>\n","protected":false},"author":1,"featured_media":0,"parent":0,"menu_order":0,"comment_status":"closed","ping_status":"closed","template":"","meta":[],"_links":{"self":[{"href":"https:\/\/rolko.com.pl\/index.php\/wp-json\/wp\/v2\/pages\/1216"}],"collection":[{"href":"https:\/\/rolko.com.pl\/index.php\/wp-json\/wp\/v2\/pages"}],"about":[{"href":"https:\/\/rolko.com.pl\/index.php\/wp-json\/wp\/v2\/types\/page"}],"author":[{"embeddable":true,"href":"https:\/\/rolko.com.pl\/index.php\/wp-json\/wp\/v2\/users\/1"}],"replies":[{"embeddable":true,"href":"https:\/\/rolko.com.pl\/index.php\/wp-json\/wp\/v2\/comments?post=1216"}],"version-history":[{"count":3,"href":"https:\/\/rolko.com.pl\/index.php\/wp-json\/wp\/v2\/pages\/1216\/revisions"}],"predecessor-version":[{"id":1223,"href":"https:\/\/rolko.com.pl\/index.php\/wp-json\/wp\/v2\/pages\/1216\/revisions\/1223"}],"wp:attachment":[{"href":"https:\/\/rolko.com.pl\/index.php\/wp-json\/wp\/v2\/media?parent=1216"}],"curies":[{"name":"wp","href":"https:\/\/api.w.org\/{rel}","templated":true}]}}