{"id":1215,"date":"2018-10-09T09:17:11","date_gmt":"2018-10-09T07:17:11","guid":{"rendered":"https:\/\/rolko.com.pl\/?page_id=1215"},"modified":"2018-10-09T09:18:32","modified_gmt":"2018-10-09T07:18:32","slug":"polityka-plikow-cookies","status":"publish","type":"page","link":"https:\/\/rolko.com.pl\/index.php\/polityka-plikow-cookies\/","title":{"rendered":"Polityka plik\u00f3w cookies"},"content":{"rendered":"<div id=\"pl-1215\"  class=\"panel-layout\" ><div id=\"pg-1215-0\"  class=\"panel-grid panel-no-style\" ><div id=\"pgc-1215-0-0\"  class=\"panel-grid-cell\" ><div id=\"panel-1215-0-0-0\" class=\"so-panel widget widget_sow-editor panel-first-child panel-last-child\" data-index=\"0\" ><div\n\t\t\t\n\t\t\tclass=\"so-widget-sow-editor so-widget-sow-editor-base\"\n\t\t\t\n\t\t><h3 class=\"widget-title\">Polityka plik\u00f3w cookies<\/h3>\n<div class=\"siteorigin-widget-tinymce textwidget\">\n\t<p>Art. 173. 1. Przechowywanie informacji lub uzyskiwanie dost\u0119pu do informacji ju\u017c przechowywanej w telekomunikacyjnym urz\u0105dzeniu ko\u0144cowym abonenta lub u\u017cytkownika ko\u0144cowego jest dozwolone, pod warunkiem \u017ce:<\/p>\n<p>1) abonent lub u\u017cytkownik ko\u0144cowy zostanie uprzednio bezpo\u015brednio poinformowany w spos\u00f3b jednoznaczny, \u0142atwy i zrozumia\u0142y, o:<br \/>a) celu przechowywania i uzyskiwania dost\u0119pu do tej informacji,<br \/>b) mo\u017cliwo\u015bci okre\u015blenia przez niego warunk\u00f3w przechowywania lub uzyskiwania dost\u0119pu do tej informacji za pomoc\u0105 ustawie\u0144 oprogramowania zainstalowanego w wykorzystywanym przez niego telekomunikacyjnym urz\u0105dzeniu ko\u0144cowym lub konfiguracji us\u0142ugi;<br \/>2) abonent lub u\u017cytkownik ko\u0144cowy, po otrzymaniu informacji, o kt\u00f3rych mowa w pkt 1, wyrazi na to zgod\u0119;<br \/>3) przechowywana informacja lub uzyskiwanie do niej dost\u0119pu nie powoduje zmian konfiguracyjnych w telekomunikacyjnym urz\u0105dzeniu ko\u0144cowym abonenta lub u\u017cytkownika ko\u0144cowego i oprogramowaniu zainstalowanym w tym urz\u0105dzeniu.<\/p>\n<p>2. Abonent lub u\u017cytkownik ko\u0144cowy mo\u017ce wyrazi\u0107 zgod\u0119, o kt\u00f3rej mowa w ust. 1 pkt 2, za pomoc\u0105 ustawie\u0144 oprogramowania zainstalowanego w wykorzystywanym przez niego telekomunikacyjnym urz\u0105dzeniu ko\u0144cowym lub konfiguracji us\u0142ugi.<\/p>\n<p>3. Warunk\u00f3w, o kt\u00f3rych mowa w ust. 1, nie stosuje si\u0119, je\u017celi przechowywanie lub uzyskanie dost\u0119pu do infor- macji, o kt\u00f3rej mowa w ust. 1, jest konieczne do:<\/p>\n<p>1) wykonania transmisji komunikatu za po\u015brednictwem publicznej sieci telekomunikacyjnej;<br \/>2) dostarczania us\u0142ugi telekomunikacyjnej lub us\u0142ugi \u015bwiadczonej drog\u0105 elektroniczn\u0105, \u017c\u0105danej przez abonenta lub u\u017cytkownika ko\u0144cowego (\u2026).<\/p>\n<p>Art. 173. znowelizowanego Prawa Telekomunikacyjnego (pe\u0142na wersja: http:\/\/www.dziennikustaw.gov.pl\/DU\/2012\/1445)<\/p>\n<\/div>\n<\/div><\/div><\/div><\/div><\/div>","protected":false},"excerpt":{"rendered":"<p>Art. 173. 1. Przechowywanie informacji lub uzyskiwanie dost\u0119pu do informacji ju\u017c przechowywanej w telekomunikacyjnym urz\u0105dzeniu ko\u0144cowym abonenta lub u\u017cytkownika ko\u0144cowego jest dozwolone, pod warunkiem \u017ce: 1) abonent lub u\u017cytkownik ko\u0144cowy zostanie uprzednio bezpo\u015brednio poinformowany w spos\u00f3b jednoznaczny, \u0142atwy i zrozumia\u0142y, o:a) celu przechowywania i uzyskiwania dost\u0119pu do tej informacji,b) mo\u017cliwo\u015bci okre\u015blenia przez niego warunk\u00f3w przechowywania [&hellip;]<\/p>\n","protected":false},"author":1,"featured_media":0,"parent":0,"menu_order":0,"comment_status":"closed","ping_status":"closed","template":"","meta":[],"_links":{"self":[{"href":"https:\/\/rolko.com.pl\/index.php\/wp-json\/wp\/v2\/pages\/1215"}],"collection":[{"href":"https:\/\/rolko.com.pl\/index.php\/wp-json\/wp\/v2\/pages"}],"about":[{"href":"https:\/\/rolko.com.pl\/index.php\/wp-json\/wp\/v2\/types\/page"}],"author":[{"embeddable":true,"href":"https:\/\/rolko.com.pl\/index.php\/wp-json\/wp\/v2\/users\/1"}],"replies":[{"embeddable":true,"href":"https:\/\/rolko.com.pl\/index.php\/wp-json\/wp\/v2\/comments?post=1215"}],"version-history":[{"count":4,"href":"https:\/\/rolko.com.pl\/index.php\/wp-json\/wp\/v2\/pages\/1215\/revisions"}],"predecessor-version":[{"id":1221,"href":"https:\/\/rolko.com.pl\/index.php\/wp-json\/wp\/v2\/pages\/1215\/revisions\/1221"}],"wp:attachment":[{"href":"https:\/\/rolko.com.pl\/index.php\/wp-json\/wp\/v2\/media?parent=1215"}],"curies":[{"name":"wp","href":"https:\/\/api.w.org\/{rel}","templated":true}]}}